{"id":46,"date":"2024-06-24T16:26:05","date_gmt":"2024-06-24T19:26:05","guid":{"rendered":"https:\/\/francotype.com.br\/?page_id=46"},"modified":"2024-06-24T16:38:48","modified_gmt":"2024-06-24T19:38:48","slug":"sobre","status":"publish","type":"page","link":"https:\/\/francotype.com.br\/?page_id=46","title":{"rendered":"SOBRE"},"content":{"rendered":"<p>Ol\u00e1! Meu nome \u00e9 Bruno Franco e sou um designer gr\u00e1fico em ascens\u00e3o, apaixonado por transformar ideias em cria\u00e7\u00f5es visuais impactantes. Recentemente, dei meus primeiros passos no mercado de design gr\u00e1fico, trazendo uma perspectiva fresca e inovadora para cada projeto que realizo.<\/p>\n<p>Desde o in\u00edcio da minha jornada, tenho me dedicado a desenvolver projetos criativos que se destacam pela qualidade e originalidade. Cada pe\u00e7a que crio \u00e9 resultado de uma combina\u00e7\u00e3o cuidadosa de pesquisa, inspira\u00e7\u00e3o e t\u00e9cnica, garantindo que cada detalhe seja meticulosamente elaborado.<\/p>\n<p>Meu objetivo \u00e9 criar designs que contam hist\u00f3rias, evocam emo\u00e7\u00f5es e comunicam mensagens de maneira clara e eficaz. Acredito que o design gr\u00e1fico \u00e9 mais do que apenas est\u00e9tica \u2013 \u00e9 uma forma de arte que tem o poder de influenciar percep\u00e7\u00f5es e criar conex\u00f5es significativas.<\/p>\n<p>Um dos meus maiores pontos fortes \u00e9 a ilustra\u00e7\u00e3o. Adoro explorar diferentes estilos e t\u00e9cnicas para dar vida \u00e0s ideias de maneira \u00fanica e expressiva. Minhas ilustra\u00e7\u00f5es n\u00e3o s\u00f3 complementam os projetos gr\u00e1ficos, mas tamb\u00e9m os tornam mais envolventes e memor\u00e1veis.<\/p>\n<p>Ao longo da minha carreira iniciante, j\u00e1 tive a oportunidade de trabalhar em uma variedade de projetos, desde identidades visuais e logotipos at\u00e9 materiais de marketing e design de interfaces. Em cada um deles, busquei superar as expectativas, entregando resultados com qualidade profissional e um toque pessoal.<\/p>\n<p>Estou sempre em busca de novos desafios e oportunidades para expandir minhas habilidades e conhecimentos. Se voc\u00ea est\u00e1 procurando um designer gr\u00e1fico que valorize a criatividade, a qualidade e a inova\u00e7\u00e3o, eu seria a escolha certa para o seu pr\u00f3ximo projeto.<\/p>\n","protected":false},"excerpt":{"rendered":"<p>Ol\u00e1! Meu nome \u00e9 Bruno Franco e sou um designer gr\u00e1fico em ascens\u00e3o, apaixonado por transformar ideias em cria\u00e7\u00f5es visuais impactantes. Recentemente, dei meus primeiros passos no mercado de design<\/p>\n<p class=\"more-link\"><a href=\"https:\/\/francotype.com.br\/?page_id=46\" class=\"readmore\">Continue reading&#8230;<span class=\"screen-reader-text\">SOBRE<\/span><\/a><\/p>\n","protected":false},"author":1,"featured_media":0,"parent":0,"menu_order":0,"comment_status":"closed","ping_status":"closed","template":"","meta":{"footnotes":""},"class_list":["post-46","page","type-page","status-publish","hentry"],"_links":{"self":[{"href":"https:\/\/francotype.com.br\/index.php?rest_route=\/wp\/v2\/pages\/46","targetHints":{"allow":["GET"]}}],"collection":[{"href":"https:\/\/francotype.com.br\/index.php?rest_route=\/wp\/v2\/pages"}],"about":[{"href":"https:\/\/francotype.com.br\/index.php?rest_route=\/wp\/v2\/types\/page"}],"author":[{"embeddable":true,"href":"https:\/\/francotype.com.br\/index.php?rest_route=\/wp\/v2\/users\/1"}],"replies":[{"embeddable":true,"href":"https:\/\/francotype.com.br\/index.php?rest_route=%2Fwp%2Fv2%2Fcomments&post=46"}],"version-history":[{"count":3,"href":"https:\/\/francotype.com.br\/index.php?rest_route=\/wp\/v2\/pages\/46\/revisions"}],"predecessor-version":[{"id":49,"href":"https:\/\/francotype.com.br\/index.php?rest_route=\/wp\/v2\/pages\/46\/revisions\/49"}],"wp:attachment":[{"href":"https:\/\/francotype.com.br\/index.php?rest_route=%2Fwp%2Fv2%2Fmedia&parent=46"}],"curies":[{"name":"wp","href":"https:\/\/api.w.org\/{rel}","templated":true}]}}